{"id":336,"date":"2020-03-16T17:05:29","date_gmt":"2020-03-16T14:05:29","guid":{"rendered":"https:\/\/shop.nanasten.com\/?post_type=product&#038;p=336"},"modified":"2026-03-16T09:23:56","modified_gmt":"2026-03-16T06:23:56","slug":"ympyrasolki","status":"publish","type":"product","link":"https:\/\/shop.nanasten.com\/?product=ympyrasolki","title":{"rendered":"Ympyr\u00e4solki"},"content":{"rendered":"","protected":false},"excerpt":{"rendered":"<p>N\u00e4ytt\u00e4v\u00e4 riipus perustuu Laitilan merovingiaikaiseen hautal\u00f6yt\u00f6\u00f6n. Koru toimitetaan kauniissa pahvirasiassa, mukana vahattu puuvillany\u00f6ri. Koko 3,5 x 3,5 cm.<\/p>\n","protected":false},"featured_media":595,"comment_status":"open","ping_status":"closed","template":"","meta":[],"product_brand":[],"product_cat":[110,157],"product_tag":[],"class_list":{"0":"post-336","1":"product","2":"type-product","3":"status-publish","4":"has-post-thumbnail","6":"product_cat-historiateemaiset","7":"product_cat-miesten-korut","9":"first","10":"instock","11":"shipping-taxable","12":"purchasable","13":"product-type-variable","14":"has-default-attributes"},"_links":{"self":[{"href":"https:\/\/shop.nanasten.com\/index.php?rest_route=\/wp\/v2\/product\/336","targetHints":{"allow":["GET"]}}],"collection":[{"href":"https:\/\/shop.nanasten.com\/index.php?rest_route=\/wp\/v2\/product"}],"about":[{"href":"https:\/\/shop.nanasten.com\/index.php?rest_route=\/wp\/v2\/types\/product"}],"replies":[{"embeddable":true,"href":"https:\/\/shop.nanasten.com\/index.php?rest_route=%2Fwp%2Fv2%2Fcomments&post=336"}],"wp:featuredmedia":[{"embeddable":true,"href":"https:\/\/shop.nanasten.com\/index.php?rest_route=\/wp\/v2\/media\/595"}],"wp:attachment":[{"href":"https:\/\/shop.nanasten.com\/index.php?rest_route=%2Fwp%2Fv2%2Fmedia&parent=336"}],"wp:term":[{"taxonomy":"product_brand","embeddable":true,"href":"https:\/\/shop.nanasten.com\/index.php?rest_route=%2Fwp%2Fv2%2Fproduct_brand&post=336"},{"taxonomy":"product_cat","embeddable":true,"href":"https:\/\/shop.nanasten.com\/index.php?rest_route=%2Fwp%2Fv2%2Fproduct_cat&post=336"},{"taxonomy":"product_tag","embeddable":true,"href":"https:\/\/shop.nanasten.com\/index.php?rest_route=%2Fwp%2Fv2%2Fproduct_tag&post=336"}],"curies":[{"name":"wp","href":"https:\/\/api.w.org\/{rel}","templated":true}]}}