{"id":330,"date":"2020-03-16T16:59:59","date_gmt":"2020-03-16T13:59:59","guid":{"rendered":"https:\/\/shop.nanasten.com\/?post_type=product&#038;p=330"},"modified":"2026-03-16T09:26:16","modified_gmt":"2026-03-16T06:26:16","slug":"vyollispyora-iso","status":"publish","type":"product","link":"https:\/\/shop.nanasten.com\/?product=vyollispyora-iso","title":{"rendered":"Vy\u00f6llispy\u00f6r\u00e4, iso"},"content":{"rendered":"","protected":false},"excerpt":{"rendered":"<p>Vy\u00f6llispy\u00f6r\u00e4-riipus on toisinto on kansanpukuun kuuluvan vy\u00f6koukun koristeesta 1800-luvulta. Historiallinen muoto on saanut uuden el\u00e4m\u00e4n Vy\u00f6llispy\u00f6r\u00e4-riipuksena, jonka voi ajatella symboloivan naisten neuvokkuutta kautta aikojen. Koru toimitetaan kauniissa pahvirasiassa, mukana vahattu puuvillany\u00f6ri. Koko 3 x 3 cm.<\/p>\n","protected":false},"featured_media":592,"comment_status":"open","ping_status":"closed","template":"","meta":[],"product_brand":[],"product_cat":[110],"product_tag":[],"class_list":{"0":"post-330","1":"product","2":"type-product","3":"status-publish","4":"has-post-thumbnail","6":"product_cat-historiateemaiset","8":"first","9":"instock","10":"shipping-taxable","11":"purchasable","12":"product-type-variable","13":"has-default-attributes"},"_links":{"self":[{"href":"https:\/\/shop.nanasten.com\/index.php?rest_route=\/wp\/v2\/product\/330","targetHints":{"allow":["GET"]}}],"collection":[{"href":"https:\/\/shop.nanasten.com\/index.php?rest_route=\/wp\/v2\/product"}],"about":[{"href":"https:\/\/shop.nanasten.com\/index.php?rest_route=\/wp\/v2\/types\/product"}],"replies":[{"embeddable":true,"href":"https:\/\/shop.nanasten.com\/index.php?rest_route=%2Fwp%2Fv2%2Fcomments&post=330"}],"wp:featuredmedia":[{"embeddable":true,"href":"https:\/\/shop.nanasten.com\/index.php?rest_route=\/wp\/v2\/media\/592"}],"wp:attachment":[{"href":"https:\/\/shop.nanasten.com\/index.php?rest_route=%2Fwp%2Fv2%2Fmedia&parent=330"}],"wp:term":[{"taxonomy":"product_brand","embeddable":true,"href":"https:\/\/shop.nanasten.com\/index.php?rest_route=%2Fwp%2Fv2%2Fproduct_brand&post=330"},{"taxonomy":"product_cat","embeddable":true,"href":"https:\/\/shop.nanasten.com\/index.php?rest_route=%2Fwp%2Fv2%2Fproduct_cat&post=330"},{"taxonomy":"product_tag","embeddable":true,"href":"https:\/\/shop.nanasten.com\/index.php?rest_route=%2Fwp%2Fv2%2Fproduct_tag&post=330"}],"curies":[{"name":"wp","href":"https:\/\/api.w.org\/{rel}","templated":true}]}}