{"id":318,"date":"2020-03-16T16:53:35","date_gmt":"2020-03-16T13:53:35","guid":{"rendered":"https:\/\/shop.nanasten.com\/?post_type=product&#038;p=318"},"modified":"2026-03-16T09:24:23","modified_gmt":"2026-03-16T06:24:23","slug":"aurinkopyora","status":"publish","type":"product","link":"https:\/\/shop.nanasten.com\/?product=aurinkopyora","title":{"rendered":"Aurinkopy\u00f6r\u00e4"},"content":{"rendered":"","protected":false},"excerpt":{"rendered":"<p>Jo neoliittisissa luolamaalauksissa esiintyv\u00e4 aurinkopy\u00f6r\u00e4 on ihmiskunnan vanhimpia symboleja. Aurinkopy\u00f6r\u00e4-riipus toimitetaan kauniissa pahvirasiassa, mukana vahattu puuvillany\u00f6ri. Koko 2 x 2 cm.<\/p>\n","protected":false},"featured_media":584,"comment_status":"open","ping_status":"closed","template":"","meta":[],"product_brand":[],"product_cat":[110,157],"product_tag":[],"class_list":{"0":"post-318","1":"product","2":"type-product","3":"status-publish","4":"has-post-thumbnail","6":"product_cat-historiateemaiset","7":"product_cat-miesten-korut","9":"first","10":"instock","11":"shipping-taxable","12":"purchasable","13":"product-type-variable","14":"has-default-attributes"},"_links":{"self":[{"href":"https:\/\/shop.nanasten.com\/index.php?rest_route=\/wp\/v2\/product\/318","targetHints":{"allow":["GET"]}}],"collection":[{"href":"https:\/\/shop.nanasten.com\/index.php?rest_route=\/wp\/v2\/product"}],"about":[{"href":"https:\/\/shop.nanasten.com\/index.php?rest_route=\/wp\/v2\/types\/product"}],"replies":[{"embeddable":true,"href":"https:\/\/shop.nanasten.com\/index.php?rest_route=%2Fwp%2Fv2%2Fcomments&post=318"}],"wp:featuredmedia":[{"embeddable":true,"href":"https:\/\/shop.nanasten.com\/index.php?rest_route=\/wp\/v2\/media\/584"}],"wp:attachment":[{"href":"https:\/\/shop.nanasten.com\/index.php?rest_route=%2Fwp%2Fv2%2Fmedia&parent=318"}],"wp:term":[{"taxonomy":"product_brand","embeddable":true,"href":"https:\/\/shop.nanasten.com\/index.php?rest_route=%2Fwp%2Fv2%2Fproduct_brand&post=318"},{"taxonomy":"product_cat","embeddable":true,"href":"https:\/\/shop.nanasten.com\/index.php?rest_route=%2Fwp%2Fv2%2Fproduct_cat&post=318"},{"taxonomy":"product_tag","embeddable":true,"href":"https:\/\/shop.nanasten.com\/index.php?rest_route=%2Fwp%2Fv2%2Fproduct_tag&post=318"}],"curies":[{"name":"wp","href":"https:\/\/api.w.org\/{rel}","templated":true}]}}