{"id":2163,"date":"2026-03-16T09:17:50","date_gmt":"2026-03-16T06:17:50","guid":{"rendered":"https:\/\/shop.nanasten.com\/?post_type=product&#038;p=2163"},"modified":"2026-03-16T09:21:48","modified_gmt":"2026-03-16T06:21:48","slug":"tampereen-seudun-miehen-takin-solki","status":"publish","type":"product","link":"https:\/\/shop.nanasten.com\/?product=tampereen-seudun-miehen-takin-solki","title":{"rendered":"Tampereen seudun miehen takin solki"},"content":{"rendered":"<p>Miehen takin solki Yl\u00f6j\u00e4rven Mikkolan viikinkiaikaisista kalmistoista. Alkuper\u00e4inen solki on hopeaa.<\/p>\n","protected":false},"excerpt":{"rendered":"<p>Miehen takin solki Yl\u00f6j\u00e4rven Mikkolan viikinkiaikaisista kalmistoista. Alkuper\u00e4inen solki on hopeaa.<\/p>\n","protected":false},"featured_media":2155,"comment_status":"closed","ping_status":"closed","template":"","meta":[],"product_brand":[],"product_cat":[157,149,109,39],"product_tag":[],"class_list":{"0":"post-2163","1":"product","2":"type-product","3":"status-publish","4":"has-post-thumbnail","6":"product_cat-miesten-korut","7":"product_cat-muinaispukujen-korustot","8":"product_cat-rautakautiset_korut","9":"product_cat-soljet","11":"first","12":"instock","13":"shipping-taxable","14":"purchasable","15":"product-type-variable"},"_links":{"self":[{"href":"https:\/\/shop.nanasten.com\/index.php?rest_route=\/wp\/v2\/product\/2163","targetHints":{"allow":["GET"]}}],"collection":[{"href":"https:\/\/shop.nanasten.com\/index.php?rest_route=\/wp\/v2\/product"}],"about":[{"href":"https:\/\/shop.nanasten.com\/index.php?rest_route=\/wp\/v2\/types\/product"}],"replies":[{"embeddable":true,"href":"https:\/\/shop.nanasten.com\/index.php?rest_route=%2Fwp%2Fv2%2Fcomments&post=2163"}],"wp:featuredmedia":[{"embeddable":true,"href":"https:\/\/shop.nanasten.com\/index.php?rest_route=\/wp\/v2\/media\/2155"}],"wp:attachment":[{"href":"https:\/\/shop.nanasten.com\/index.php?rest_route=%2Fwp%2Fv2%2Fmedia&parent=2163"}],"wp:term":[{"taxonomy":"product_brand","embeddable":true,"href":"https:\/\/shop.nanasten.com\/index.php?rest_route=%2Fwp%2Fv2%2Fproduct_brand&post=2163"},{"taxonomy":"product_cat","embeddable":true,"href":"https:\/\/shop.nanasten.com\/index.php?rest_route=%2Fwp%2Fv2%2Fproduct_cat&post=2163"},{"taxonomy":"product_tag","embeddable":true,"href":"https:\/\/shop.nanasten.com\/index.php?rest_route=%2Fwp%2Fv2%2Fproduct_tag&post=2163"}],"curies":[{"name":"wp","href":"https:\/\/api.w.org\/{rel}","templated":true}]}}