{"id":1872,"date":"2026-02-27T15:11:10","date_gmt":"2026-02-27T12:11:10","guid":{"rendered":"https:\/\/shop.nanasten.com\/?post_type=product&#038;p=1872"},"modified":"2026-03-16T09:22:09","modified_gmt":"2026-03-16T06:22:09","slug":"kulkusnapit-5-kpl","status":"publish","type":"product","link":"https:\/\/shop.nanasten.com\/?product=kulkusnapit-5-kpl","title":{"rendered":"Kulkusnapit, 5 kpl"},"content":{"rendered":"<p>Maskun Humikkalan l\u00f6yd\u00f6n pohjalta valmistetut pronssiset kulkusnapit esim. miehen rautakautiseen takkiin. Pronssia, helisev\u00e4t kevyesti. Myyd\u00e4\u00e4n 5 kpl eriss\u00e4.<\/p>\n","protected":false},"excerpt":{"rendered":"<p>Maskun Humikkalan l\u00f6yd\u00f6n pohjalta valmistetut pronssiset kulkusnapit esim. miehen rautakautiseen takkiin. Pronssia, helisev\u00e4t kevyesti. Myyd\u00e4\u00e4n 5 kpl eriss\u00e4.<\/p>\n","protected":false},"featured_media":1879,"comment_status":"closed","ping_status":"closed","template":"","meta":[],"product_brand":[],"product_cat":[157,153,109],"product_tag":[],"class_list":{"0":"post-1872","1":"product","2":"type-product","3":"status-publish","4":"has-post-thumbnail","6":"product_cat-miesten-korut","7":"product_cat-rautakautiset_napit","8":"product_cat-rautakautiset_korut","10":"first","11":"instock","12":"shipping-taxable","13":"purchasable","14":"product-type-simple"},"_links":{"self":[{"href":"https:\/\/shop.nanasten.com\/index.php?rest_route=\/wp\/v2\/product\/1872","targetHints":{"allow":["GET"]}}],"collection":[{"href":"https:\/\/shop.nanasten.com\/index.php?rest_route=\/wp\/v2\/product"}],"about":[{"href":"https:\/\/shop.nanasten.com\/index.php?rest_route=\/wp\/v2\/types\/product"}],"replies":[{"embeddable":true,"href":"https:\/\/shop.nanasten.com\/index.php?rest_route=%2Fwp%2Fv2%2Fcomments&post=1872"}],"wp:featuredmedia":[{"embeddable":true,"href":"https:\/\/shop.nanasten.com\/index.php?rest_route=\/wp\/v2\/media\/1879"}],"wp:attachment":[{"href":"https:\/\/shop.nanasten.com\/index.php?rest_route=%2Fwp%2Fv2%2Fmedia&parent=1872"}],"wp:term":[{"taxonomy":"product_brand","embeddable":true,"href":"https:\/\/shop.nanasten.com\/index.php?rest_route=%2Fwp%2Fv2%2Fproduct_brand&post=1872"},{"taxonomy":"product_cat","embeddable":true,"href":"https:\/\/shop.nanasten.com\/index.php?rest_route=%2Fwp%2Fv2%2Fproduct_cat&post=1872"},{"taxonomy":"product_tag","embeddable":true,"href":"https:\/\/shop.nanasten.com\/index.php?rest_route=%2Fwp%2Fv2%2Fproduct_tag&post=1872"}],"curies":[{"name":"wp","href":"https:\/\/api.w.org\/{rel}","templated":true}]}}