{"id":1870,"date":"2026-02-27T14:31:13","date_gmt":"2026-02-27T11:31:13","guid":{"rendered":"https:\/\/shop.nanasten.com\/?post_type=product&#038;p=1870"},"modified":"2026-03-16T09:22:22","modified_gmt":"2026-03-16T06:22:22","slug":"hihnanjakaja-kilpolasta","status":"publish","type":"product","link":"https:\/\/shop.nanasten.com\/?product=hihnanjakaja-kilpolasta","title":{"rendered":"Hihnanjakaja"},"content":{"rendered":"<p>Pronssinen hihnanjakaja rautakautiseen vy\u00f6h\u00f6n. Renkaan halkaisija 3,2 cm,\u00a0 el\u00e4imenp\u00e4\u00e4hela sopii 1,2 &#8211; 1,3 cm leve\u00e4\u00e4n nahkahihnaan.<\/p>\n<p>Alkuper\u00e4inen l\u00f6yt\u00f6 on tehty Kilpolan P\u00f6ystinm\u00e4est\u00e4.<\/p>\n","protected":false},"excerpt":{"rendered":"<p>Pronssinen hihnanjakaja rautakautiseen vy\u00f6h\u00f6n. Renkaan halkaisija 3,2 cm,\u00a0 el\u00e4imenp\u00e4\u00e4hela sopii 1,2 &#8211; 1,3 cm leve\u00e4\u00e4n nahkahihnaan. Alkuper\u00e4inen l\u00f6yt\u00f6 on tehty Kilpolan P\u00f6ystinm\u00e4est\u00e4.<\/p>\n","protected":false},"featured_media":2067,"comment_status":"closed","ping_status":"closed","template":"","meta":[],"product_brand":[],"product_cat":[157,109,150],"product_tag":[],"class_list":{"0":"post-1870","1":"product","2":"type-product","3":"status-publish","4":"has-post-thumbnail","6":"product_cat-miesten-korut","7":"product_cat-rautakautiset_korut","8":"product_cat-rautakautiset_vyot","10":"first","11":"instock","12":"shipping-taxable","13":"purchasable","14":"product-type-variable"},"_links":{"self":[{"href":"https:\/\/shop.nanasten.com\/index.php?rest_route=\/wp\/v2\/product\/1870","targetHints":{"allow":["GET"]}}],"collection":[{"href":"https:\/\/shop.nanasten.com\/index.php?rest_route=\/wp\/v2\/product"}],"about":[{"href":"https:\/\/shop.nanasten.com\/index.php?rest_route=\/wp\/v2\/types\/product"}],"replies":[{"embeddable":true,"href":"https:\/\/shop.nanasten.com\/index.php?rest_route=%2Fwp%2Fv2%2Fcomments&post=1870"}],"wp:featuredmedia":[{"embeddable":true,"href":"https:\/\/shop.nanasten.com\/index.php?rest_route=\/wp\/v2\/media\/2067"}],"wp:attachment":[{"href":"https:\/\/shop.nanasten.com\/index.php?rest_route=%2Fwp%2Fv2%2Fmedia&parent=1870"}],"wp:term":[{"taxonomy":"product_brand","embeddable":true,"href":"https:\/\/shop.nanasten.com\/index.php?rest_route=%2Fwp%2Fv2%2Fproduct_brand&post=1870"},{"taxonomy":"product_cat","embeddable":true,"href":"https:\/\/shop.nanasten.com\/index.php?rest_route=%2Fwp%2Fv2%2Fproduct_cat&post=1870"},{"taxonomy":"product_tag","embeddable":true,"href":"https:\/\/shop.nanasten.com\/index.php?rest_route=%2Fwp%2Fv2%2Fproduct_tag&post=1870"}],"curies":[{"name":"wp","href":"https:\/\/api.w.org\/{rel}","templated":true}]}}