{"id":1869,"date":"2026-02-27T14:30:13","date_gmt":"2026-02-27T11:30:13","guid":{"rendered":"https:\/\/shop.nanasten.com\/?post_type=product&#038;p=1869"},"modified":"2026-03-16T09:22:28","modified_gmt":"2026-03-16T06:22:28","slug":"vyonsolki-raisalan-hovinsaaresta","status":"publish","type":"product","link":"https:\/\/shop.nanasten.com\/?product=vyonsolki-raisalan-hovinsaaresta","title":{"rendered":"R\u00e4is\u00e4l\u00e4n vy\u00f6nsolki"},"content":{"rendered":"<p>Rautakautinen vy\u00f6nsolki R\u00e4is\u00e4l\u00e4n Hovinsaaresta. Sopii 1,2 &#8211; 1,3 cm levyiseen vy\u00f6h\u00f6n.<\/p>\n<p>&nbsp;<\/p>\n","protected":false},"excerpt":{"rendered":"<p>Rautakautinen vy\u00f6nsolki R\u00e4is\u00e4l\u00e4n Hovinsaaresta. Sopii 1,2 &#8211; 1,3 cm levyiseen vy\u00f6h\u00f6n. &nbsp;<\/p>\n","protected":false},"featured_media":2066,"comment_status":"closed","ping_status":"closed","template":"","meta":[],"product_brand":[],"product_cat":[157,109,150],"product_tag":[],"class_list":{"0":"post-1869","1":"product","2":"type-product","3":"status-publish","4":"has-post-thumbnail","6":"product_cat-miesten-korut","7":"product_cat-rautakautiset_korut","8":"product_cat-rautakautiset_vyot","10":"first","11":"instock","12":"shipping-taxable","13":"purchasable","14":"product-type-simple"},"_links":{"self":[{"href":"https:\/\/shop.nanasten.com\/index.php?rest_route=\/wp\/v2\/product\/1869","targetHints":{"allow":["GET"]}}],"collection":[{"href":"https:\/\/shop.nanasten.com\/index.php?rest_route=\/wp\/v2\/product"}],"about":[{"href":"https:\/\/shop.nanasten.com\/index.php?rest_route=\/wp\/v2\/types\/product"}],"replies":[{"embeddable":true,"href":"https:\/\/shop.nanasten.com\/index.php?rest_route=%2Fwp%2Fv2%2Fcomments&post=1869"}],"wp:featuredmedia":[{"embeddable":true,"href":"https:\/\/shop.nanasten.com\/index.php?rest_route=\/wp\/v2\/media\/2066"}],"wp:attachment":[{"href":"https:\/\/shop.nanasten.com\/index.php?rest_route=%2Fwp%2Fv2%2Fmedia&parent=1869"}],"wp:term":[{"taxonomy":"product_brand","embeddable":true,"href":"https:\/\/shop.nanasten.com\/index.php?rest_route=%2Fwp%2Fv2%2Fproduct_brand&post=1869"},{"taxonomy":"product_cat","embeddable":true,"href":"https:\/\/shop.nanasten.com\/index.php?rest_route=%2Fwp%2Fv2%2Fproduct_cat&post=1869"},{"taxonomy":"product_tag","embeddable":true,"href":"https:\/\/shop.nanasten.com\/index.php?rest_route=%2Fwp%2Fv2%2Fproduct_tag&post=1869"}],"curies":[{"name":"wp","href":"https:\/\/api.w.org\/{rel}","templated":true}]}}