{"id":1867,"date":"2026-02-27T14:20:59","date_gmt":"2026-02-27T11:20:59","guid":{"rendered":"https:\/\/shop.nanasten.com\/?post_type=product&#038;p=1867"},"modified":"2026-03-16T09:22:35","modified_gmt":"2026-03-16T06:22:35","slug":"kehasolki-kaukolan-kekomaesta","status":"publish","type":"product","link":"https:\/\/shop.nanasten.com\/?product=kehasolki-kaukolan-kekomaesta","title":{"rendered":"Kaukolan paidansolki"},"content":{"rendered":"<p>Py\u00f6re\u00e4 keh\u00e4solki, jonka yl\u00e4osassa on kierrekoriste. Alkuper\u00e4inen l\u00f6yt\u00f6 on Kaukolan Kekom\u00e4est\u00e4, ja se on todenn\u00e4k\u00f6isesti ollut miehen paidansolki.<\/p>\n","protected":false},"excerpt":{"rendered":"<p>Py\u00f6re\u00e4 keh\u00e4solki, jonka yl\u00e4osassa on kierrekoriste. Alkuper\u00e4inen l\u00f6yt\u00f6 on Kaukolan Kekom\u00e4est\u00e4, ja se on todenn\u00e4k\u00f6isesti ollut miehen paidansolki.<\/p>\n","protected":false},"featured_media":1878,"comment_status":"closed","ping_status":"closed","template":"","meta":[],"product_brand":[],"product_cat":[157,109,39],"product_tag":[],"class_list":{"0":"post-1867","1":"product","2":"type-product","3":"status-publish","4":"has-post-thumbnail","6":"product_cat-miesten-korut","7":"product_cat-rautakautiset_korut","8":"product_cat-soljet","10":"first","11":"instock","12":"shipping-taxable","13":"purchasable","14":"product-type-simple"},"_links":{"self":[{"href":"https:\/\/shop.nanasten.com\/index.php?rest_route=\/wp\/v2\/product\/1867","targetHints":{"allow":["GET"]}}],"collection":[{"href":"https:\/\/shop.nanasten.com\/index.php?rest_route=\/wp\/v2\/product"}],"about":[{"href":"https:\/\/shop.nanasten.com\/index.php?rest_route=\/wp\/v2\/types\/product"}],"replies":[{"embeddable":true,"href":"https:\/\/shop.nanasten.com\/index.php?rest_route=%2Fwp%2Fv2%2Fcomments&post=1867"}],"wp:featuredmedia":[{"embeddable":true,"href":"https:\/\/shop.nanasten.com\/index.php?rest_route=\/wp\/v2\/media\/1878"}],"wp:attachment":[{"href":"https:\/\/shop.nanasten.com\/index.php?rest_route=%2Fwp%2Fv2%2Fmedia&parent=1867"}],"wp:term":[{"taxonomy":"product_brand","embeddable":true,"href":"https:\/\/shop.nanasten.com\/index.php?rest_route=%2Fwp%2Fv2%2Fproduct_brand&post=1867"},{"taxonomy":"product_cat","embeddable":true,"href":"https:\/\/shop.nanasten.com\/index.php?rest_route=%2Fwp%2Fv2%2Fproduct_cat&post=1867"},{"taxonomy":"product_tag","embeddable":true,"href":"https:\/\/shop.nanasten.com\/index.php?rest_route=%2Fwp%2Fv2%2Fproduct_tag&post=1867"}],"curies":[{"name":"wp","href":"https:\/\/api.w.org\/{rel}","templated":true}]}}