{"id":1860,"date":"2026-02-27T13:43:33","date_gmt":"2026-02-27T10:43:33","guid":{"rendered":"https:\/\/shop.nanasten.com\/?post_type=product&#038;p=1860"},"modified":"2026-03-16T09:07:37","modified_gmt":"2026-03-16T06:07:37","slug":"tampereen-seudun-muinaispuvun-korut","status":"publish","type":"product","link":"https:\/\/shop.nanasten.com\/?product=tampereen-seudun-muinaispuvun-korut","title":{"rendered":"Tampereen seudun naisen muinaispuvun soljet"},"content":{"rendered":"<p>Naisen olkasoljet Tampereen Vilusenharjun viikinkiaikaisista kalmistoista. L\u00f6yd\u00f6ss\u00e4 toinen solki on h\u00e4r\u00e4nsilm\u00e4nuppinen, toinen kuvioimaton.<\/p>\n","protected":false},"excerpt":{"rendered":"<p>Naisen olkasoljet Tampereen Vilusenharjun viikinkiaikaisista kalmistoista. L\u00f6yd\u00f6ss\u00e4 toinen solki on h\u00e4r\u00e4nsilm\u00e4nuppinen, toinen kuvioimaton.<\/p>\n","protected":false},"featured_media":2155,"comment_status":"closed","ping_status":"closed","template":"","meta":[],"product_brand":[],"product_cat":[122,149,109,39],"product_tag":[],"class_list":{"0":"post-1860","1":"product","2":"type-product","3":"status-publish","4":"has-post-thumbnail","6":"product_cat-muinaisketjut","7":"product_cat-muinaispukujen-korustot","8":"product_cat-rautakautiset_korut","9":"product_cat-soljet","11":"first","12":"instock","13":"shipping-taxable","14":"purchasable","15":"product-type-variable"},"_links":{"self":[{"href":"https:\/\/shop.nanasten.com\/index.php?rest_route=\/wp\/v2\/product\/1860","targetHints":{"allow":["GET"]}}],"collection":[{"href":"https:\/\/shop.nanasten.com\/index.php?rest_route=\/wp\/v2\/product"}],"about":[{"href":"https:\/\/shop.nanasten.com\/index.php?rest_route=\/wp\/v2\/types\/product"}],"replies":[{"embeddable":true,"href":"https:\/\/shop.nanasten.com\/index.php?rest_route=%2Fwp%2Fv2%2Fcomments&post=1860"}],"wp:featuredmedia":[{"embeddable":true,"href":"https:\/\/shop.nanasten.com\/index.php?rest_route=\/wp\/v2\/media\/2155"}],"wp:attachment":[{"href":"https:\/\/shop.nanasten.com\/index.php?rest_route=%2Fwp%2Fv2%2Fmedia&parent=1860"}],"wp:term":[{"taxonomy":"product_brand","embeddable":true,"href":"https:\/\/shop.nanasten.com\/index.php?rest_route=%2Fwp%2Fv2%2Fproduct_brand&post=1860"},{"taxonomy":"product_cat","embeddable":true,"href":"https:\/\/shop.nanasten.com\/index.php?rest_route=%2Fwp%2Fv2%2Fproduct_cat&post=1860"},{"taxonomy":"product_tag","embeddable":true,"href":"https:\/\/shop.nanasten.com\/index.php?rest_route=%2Fwp%2Fv2%2Fproduct_tag&post=1860"}],"curies":[{"name":"wp","href":"https:\/\/api.w.org\/{rel}","templated":true}]}}