{"id":1853,"date":"2026-02-27T12:32:09","date_gmt":"2026-02-27T09:32:09","guid":{"rendered":"https:\/\/shop.nanasten.com\/?post_type=product&#038;p=1853"},"modified":"2026-03-16T09:08:12","modified_gmt":"2026-03-16T06:08:12","slug":"pernion-muinaispuvun-soljet","status":"publish","type":"product","link":"https:\/\/shop.nanasten.com\/?product=pernion-muinaispuvun-soljet","title":{"rendered":"Perni\u00f6n muinaispuvun soljet"},"content":{"rendered":"<p>Kolme ristiretkiaikaista hevosenkenk\u00e4solkea Perni\u00f6n Yliskyl\u00e4st\u00e4. Soljissa on irrallinen, alkuper\u00e4iseen tapaan toimiva neula.<\/p>\n","protected":false},"excerpt":{"rendered":"<p>Kolme ristiretkiaikaista hevosenkenk\u00e4solkea Perni\u00f6n Yliskyl\u00e4st\u00e4. Soljissa on irrallinen, alkuper\u00e4iseen tapaan toimiva neula.<\/p>\n","protected":false},"featured_media":1877,"comment_status":"closed","ping_status":"closed","template":"","meta":[],"product_brand":[],"product_cat":[149,109,39],"product_tag":[],"class_list":{"0":"post-1853","1":"product","2":"type-product","3":"status-publish","4":"has-post-thumbnail","6":"product_cat-muinaispukujen-korustot","7":"product_cat-rautakautiset_korut","8":"product_cat-soljet","10":"first","11":"instock","12":"shipping-taxable","13":"purchasable","14":"product-type-variable"},"_links":{"self":[{"href":"https:\/\/shop.nanasten.com\/index.php?rest_route=\/wp\/v2\/product\/1853","targetHints":{"allow":["GET"]}}],"collection":[{"href":"https:\/\/shop.nanasten.com\/index.php?rest_route=\/wp\/v2\/product"}],"about":[{"href":"https:\/\/shop.nanasten.com\/index.php?rest_route=\/wp\/v2\/types\/product"}],"replies":[{"embeddable":true,"href":"https:\/\/shop.nanasten.com\/index.php?rest_route=%2Fwp%2Fv2%2Fcomments&post=1853"}],"wp:featuredmedia":[{"embeddable":true,"href":"https:\/\/shop.nanasten.com\/index.php?rest_route=\/wp\/v2\/media\/1877"}],"wp:attachment":[{"href":"https:\/\/shop.nanasten.com\/index.php?rest_route=%2Fwp%2Fv2%2Fmedia&parent=1853"}],"wp:term":[{"taxonomy":"product_brand","embeddable":true,"href":"https:\/\/shop.nanasten.com\/index.php?rest_route=%2Fwp%2Fv2%2Fproduct_brand&post=1853"},{"taxonomy":"product_cat","embeddable":true,"href":"https:\/\/shop.nanasten.com\/index.php?rest_route=%2Fwp%2Fv2%2Fproduct_cat&post=1853"},{"taxonomy":"product_tag","embeddable":true,"href":"https:\/\/shop.nanasten.com\/index.php?rest_route=%2Fwp%2Fv2%2Fproduct_tag&post=1853"}],"curies":[{"name":"wp","href":"https:\/\/api.w.org\/{rel}","templated":true}]}}