{"id":1845,"date":"2026-02-27T11:25:13","date_gmt":"2026-02-27T08:25:13","guid":{"rendered":"https:\/\/shop.nanasten.com\/?post_type=product&#038;p=1845"},"modified":"2026-02-27T22:36:57","modified_gmt":"2026-02-27T19:36:57","slug":"kirkkailanmaen-emannan-korusto","status":"publish","type":"product","link":"https:\/\/shop.nanasten.com\/?product=kirkkailanmaen-emannan-korusto","title":{"rendered":"Kirkkailanm\u00e4en em\u00e4nn\u00e4n korusto"},"content":{"rendered":"<p>Hollolan Kirkkailanm\u00e4en em\u00e4nn\u00e4n puku on vuonna 2024 rekonstruoitu p\u00e4ij\u00e4th\u00e4m\u00e4l\u00e4inen muinaispuku.<\/p>\n<p>Kirkkailanm\u00e4en em\u00e4nn\u00e4n puvun olkasoljet, ketjunkannattajat, kankiketju ja korvalusikka ovat valettua pronssia.<\/p>\n<p>Rintaketjut on koottu rauta- ja kupariseoslenkeist\u00e4.<\/p>\n<p>Spiraalinauha on ketjunkannattimien v\u00e4liin solmittava nahkanauha, jossa on erikokoisia pronssipiraalin p\u00e4tki\u00e4 koottuna helminauhan tapaan.<\/p>\n<p>Rannekorut ovat leimakoristeltua 925-hopeaa.<\/p>\n","protected":false},"excerpt":{"rendered":"<p>Hollolan Kirkkailanm\u00e4en em\u00e4nn\u00e4n puku on vuonna 2024 rekonstruoitu p\u00e4ij\u00e4th\u00e4m\u00e4l\u00e4inen muinaispuku. Kirkkailanm\u00e4en em\u00e4nn\u00e4n puvun olkasoljet, ketjunkannattajat, kankiketju ja korvalusikka ovat valettua pronssia. Rintaketjut on koottu rauta- ja kupariseoslenkeist\u00e4. Spiraalinauha on ketjunkannattimien v\u00e4liin solmittava nahkanauha, jossa on erikokoisia pronssipiraalin p\u00e4tki\u00e4 koottuna helminauhan tapaan. Rannekorut ovat leimakoristeltua 925-hopeaa.<\/p>\n","protected":false},"featured_media":2088,"comment_status":"closed","ping_status":"closed","template":"","meta":[],"product_brand":[],"product_cat":[126,127,122,149,109,39],"product_tag":[],"class_list":{"0":"post-1845","1":"product","2":"type-product","3":"status-publish","4":"has-post-thumbnail","6":"product_cat-ketjunkantajat","7":"product_cat-korvalusikat","8":"product_cat-muinaisketjut","9":"product_cat-muinaispukujen-korustot","10":"product_cat-rautakautiset_korut","11":"product_cat-soljet","13":"first","14":"instock","15":"shipping-taxable","16":"purchasable","17":"product-type-variable"},"_links":{"self":[{"href":"https:\/\/shop.nanasten.com\/index.php?rest_route=\/wp\/v2\/product\/1845","targetHints":{"allow":["GET"]}}],"collection":[{"href":"https:\/\/shop.nanasten.com\/index.php?rest_route=\/wp\/v2\/product"}],"about":[{"href":"https:\/\/shop.nanasten.com\/index.php?rest_route=\/wp\/v2\/types\/product"}],"replies":[{"embeddable":true,"href":"https:\/\/shop.nanasten.com\/index.php?rest_route=%2Fwp%2Fv2%2Fcomments&post=1845"}],"wp:featuredmedia":[{"embeddable":true,"href":"https:\/\/shop.nanasten.com\/index.php?rest_route=\/wp\/v2\/media\/2088"}],"wp:attachment":[{"href":"https:\/\/shop.nanasten.com\/index.php?rest_route=%2Fwp%2Fv2%2Fmedia&parent=1845"}],"wp:term":[{"taxonomy":"product_brand","embeddable":true,"href":"https:\/\/shop.nanasten.com\/index.php?rest_route=%2Fwp%2Fv2%2Fproduct_brand&post=1845"},{"taxonomy":"product_cat","embeddable":true,"href":"https:\/\/shop.nanasten.com\/index.php?rest_route=%2Fwp%2Fv2%2Fproduct_cat&post=1845"},{"taxonomy":"product_tag","embeddable":true,"href":"https:\/\/shop.nanasten.com\/index.php?rest_route=%2Fwp%2Fv2%2Fproduct_tag&post=1845"}],"curies":[{"name":"wp","href":"https:\/\/api.w.org\/{rel}","templated":true}]}}