{"id":1838,"date":"2026-02-27T00:24:34","date_gmt":"2026-02-26T21:24:34","guid":{"rendered":"https:\/\/shop.nanasten.com\/?post_type=product&#038;p=1838"},"modified":"2026-03-01T11:52:48","modified_gmt":"2026-03-01T08:52:48","slug":"viipurin-sormus","status":"publish","type":"product","link":"https:\/\/shop.nanasten.com\/?product=viipurin-sormus","title":{"rendered":"Viipurin sormus"},"content":{"rendered":"<p>Viipurin seudun naisen kansallispukuun kuuluva kolmikivinen sormus, kullattua 925-hopeaa ja granaatteja. Valmistetaan tilauksesta.<\/p>\n<p>Voidaan valmistaa my\u00f6s my\u00f6s muista jalometalleista, ota yhteytt\u00e4!<\/p>\n","protected":false},"excerpt":{"rendered":"<p>Viipurin seudun naisen kansallispukuun kuuluva kolmikivinen sormus, kullattua 925-hopeaa ja granaatteja. Valmistetaan tilauksesta. Voidaan valmistaa my\u00f6s my\u00f6s muista jalometalleista, ota yhteytt\u00e4!<\/p>\n","protected":false},"featured_media":2104,"comment_status":"closed","ping_status":"closed","template":"","meta":[],"product_brand":[],"product_cat":[113,136],"product_tag":[],"class_list":{"0":"post-1838","1":"product","2":"type-product","3":"status-publish","4":"has-post-thumbnail","6":"product_cat-kansallispukujen-korut","7":"product_cat-viipurin-seudun-naisen-kansallispuku","9":"first","10":"onbackorder","11":"shipping-taxable","12":"purchasable","13":"product-type-variable"},"_links":{"self":[{"href":"https:\/\/shop.nanasten.com\/index.php?rest_route=\/wp\/v2\/product\/1838","targetHints":{"allow":["GET"]}}],"collection":[{"href":"https:\/\/shop.nanasten.com\/index.php?rest_route=\/wp\/v2\/product"}],"about":[{"href":"https:\/\/shop.nanasten.com\/index.php?rest_route=\/wp\/v2\/types\/product"}],"replies":[{"embeddable":true,"href":"https:\/\/shop.nanasten.com\/index.php?rest_route=%2Fwp%2Fv2%2Fcomments&post=1838"}],"wp:featuredmedia":[{"embeddable":true,"href":"https:\/\/shop.nanasten.com\/index.php?rest_route=\/wp\/v2\/media\/2104"}],"wp:attachment":[{"href":"https:\/\/shop.nanasten.com\/index.php?rest_route=%2Fwp%2Fv2%2Fmedia&parent=1838"}],"wp:term":[{"taxonomy":"product_brand","embeddable":true,"href":"https:\/\/shop.nanasten.com\/index.php?rest_route=%2Fwp%2Fv2%2Fproduct_brand&post=1838"},{"taxonomy":"product_cat","embeddable":true,"href":"https:\/\/shop.nanasten.com\/index.php?rest_route=%2Fwp%2Fv2%2Fproduct_cat&post=1838"},{"taxonomy":"product_tag","embeddable":true,"href":"https:\/\/shop.nanasten.com\/index.php?rest_route=%2Fwp%2Fv2%2Fproduct_tag&post=1838"}],"curies":[{"name":"wp","href":"https:\/\/api.w.org\/{rel}","templated":true}]}}