{"id":1811,"date":"2025-10-26T21:13:38","date_gmt":"2025-10-26T18:13:38","guid":{"rendered":"https:\/\/shop.nanasten.com\/?post_type=product&#038;p=1811"},"modified":"2026-03-16T09:23:08","modified_gmt":"2026-03-16T06:23:08","slug":"kehasolki","status":"publish","type":"product","link":"https:\/\/shop.nanasten.com\/?product=kehasolki","title":{"rendered":"Keh\u00e4solki"},"content":{"rendered":"<p>Yksinkertainen keh\u00e4solki kuparista, halk. 3 cm. T\u00e4m\u00e4n tyyppisi\u00e4 kapeakeh\u00e4isi\u00e4 paljinsolkia on k\u00e4ytetty aina rautakaudelta 1800-luvun kansanpukuihin saakka, erityisesti miesten paidankauluksen sulkemiseen.<\/p>\n","protected":false},"excerpt":{"rendered":"<p>Yksinkertainen keh\u00e4solki kuparista, halk. 3 cm. T\u00e4m\u00e4n tyyppisi\u00e4 kapeakeh\u00e4isi\u00e4 paljinsolkia on k\u00e4ytetty aina rautakaudelta 1800-luvun kansanpukuihin saakka, erityisesti miesten paidankauluksen sulkemiseen.<\/p>\n","protected":false},"featured_media":2151,"comment_status":"closed","ping_status":"closed","template":"","meta":[],"product_brand":[],"product_cat":[113,145,157,109,146,39],"product_tag":[],"class_list":{"0":"post-1811","1":"product","2":"type-product","3":"status-publish","4":"has-post-thumbnail","6":"product_cat-kansallispukujen-korut","7":"product_cat-arkeologiset-koruennallistukset-keskiaika","8":"product_cat-miesten-korut","9":"product_cat-rautakautiset_korut","10":"product_cat-soljet-arkeologiset-koruennallistukset-keskiaika","11":"product_cat-soljet","13":"first","14":"instock","15":"shipping-taxable","16":"purchasable","17":"product-type-simple"},"_links":{"self":[{"href":"https:\/\/shop.nanasten.com\/index.php?rest_route=\/wp\/v2\/product\/1811","targetHints":{"allow":["GET"]}}],"collection":[{"href":"https:\/\/shop.nanasten.com\/index.php?rest_route=\/wp\/v2\/product"}],"about":[{"href":"https:\/\/shop.nanasten.com\/index.php?rest_route=\/wp\/v2\/types\/product"}],"replies":[{"embeddable":true,"href":"https:\/\/shop.nanasten.com\/index.php?rest_route=%2Fwp%2Fv2%2Fcomments&post=1811"}],"wp:featuredmedia":[{"embeddable":true,"href":"https:\/\/shop.nanasten.com\/index.php?rest_route=\/wp\/v2\/media\/2151"}],"wp:attachment":[{"href":"https:\/\/shop.nanasten.com\/index.php?rest_route=%2Fwp%2Fv2%2Fmedia&parent=1811"}],"wp:term":[{"taxonomy":"product_brand","embeddable":true,"href":"https:\/\/shop.nanasten.com\/index.php?rest_route=%2Fwp%2Fv2%2Fproduct_brand&post=1811"},{"taxonomy":"product_cat","embeddable":true,"href":"https:\/\/shop.nanasten.com\/index.php?rest_route=%2Fwp%2Fv2%2Fproduct_cat&post=1811"},{"taxonomy":"product_tag","embeddable":true,"href":"https:\/\/shop.nanasten.com\/index.php?rest_route=%2Fwp%2Fv2%2Fproduct_tag&post=1811"}],"curies":[{"name":"wp","href":"https:\/\/api.w.org\/{rel}","templated":true}]}}